{"id":22,"date":"2025-03-31T19:34:27","date_gmt":"2025-03-31T19:34:27","guid":{"rendered":"https:\/\/energiusgroup.com.br\/blog\/?page_id=22"},"modified":"2025-03-31T19:34:27","modified_gmt":"2025-03-31T19:34:27","slug":"instale-energia-solar","status":"publish","type":"page","link":"https:\/\/energiusgroup.com.br\/blog\/instale-energia-solar\/","title":{"rendered":"Instale energia solar"},"content":{"rendered":"\n<p>A energia fotovoltaica \u00e9 mais do que uma solu\u00e7\u00e3o moment\u00e2nea \u2013 \u00e9 um investimento de longo prazo. Com sistemas que duram mais de 25 anos e um retorno que geralmente chega em 4 a 6 anos, ela representa uma mudan\u00e7a de perspectiva sobre como consumimos energia. Milhares de brasileiros j\u00e1 descobriram esse potencial, transformando o sol em economia e qualidade de vida. A pergunta que fica \u00e9: como essa revolu\u00e7\u00e3o pode continuar se espalhando? A resposta est\u00e1 na combina\u00e7\u00e3o de tecnologia, conscientiza\u00e7\u00e3o e um recurso que n\u00e3o falta: a luz do sol.<\/p>\n","protected":false},"excerpt":{"rendered":"<p>A energia fotovoltaica \u00e9 mais do que uma solu\u00e7\u00e3o moment\u00e2nea \u2013 \u00e9 um investimento de longo prazo. Com sistemas que duram mais de 25 anos e um retorno que geralmente chega em 4 a 6 anos, ela representa uma mudan\u00e7a de perspectiva sobre como consumimos energia. Milhares de brasileiros j\u00e1 descobriram esse potencial, transformando o [&hellip;]<\/p>\n","protected":false},"author":1,"featured_media":0,"parent":0,"menu_order":0,"comment_status":"closed","ping_status":"closed","template":"","meta":{"footnotes":""},"class_list":["post-22","page","type-page","status-publish","hentry"],"_links":{"self":[{"href":"https:\/\/energiusgroup.com.br\/blog\/wp-json\/wp\/v2\/pages\/22","targetHints":{"allow":["GET"]}}],"collection":[{"href":"https:\/\/energiusgroup.com.br\/blog\/wp-json\/wp\/v2\/pages"}],"about":[{"href":"https:\/\/energiusgroup.com.br\/blog\/wp-json\/wp\/v2\/types\/page"}],"author":[{"embeddable":true,"href":"https:\/\/energiusgroup.com.br\/blog\/wp-json\/wp\/v2\/users\/1"}],"replies":[{"embeddable":true,"href":"https:\/\/energiusgroup.com.br\/blog\/wp-json\/wp\/v2\/comments?post=22"}],"version-history":[{"count":1,"href":"https:\/\/energiusgroup.com.br\/blog\/wp-json\/wp\/v2\/pages\/22\/revisions"}],"predecessor-version":[{"id":23,"href":"https:\/\/energiusgroup.com.br\/blog\/wp-json\/wp\/v2\/pages\/22\/revisions\/23"}],"wp:attachment":[{"href":"https:\/\/energiusgroup.com.br\/blog\/wp-json\/wp\/v2\/media?parent=22"}],"curies":[{"name":"wp","href":"https:\/\/api.w.org\/{rel}","templated":true}]}}